{"id":288,"date":"2023-02-23T17:40:21","date_gmt":"2023-02-23T14:40:21","guid":{"rendered":"https:\/\/upvcaccessories.com\/?page_id=288"},"modified":"2023-03-08T12:42:32","modified_gmt":"2023-03-08T09:42:32","slug":"diamond","status":"publish","type":"page","link":"https:\/\/upvcaccessories.com\/en\/diamond\/","title":{"rendered":"diamond"},"content":{"rendered":"<div class=\"container section-title-container\" ><h3 class=\"section-title section-title-center\"><b><\/b><span class=\"section-title-main\" style=\"font-size:100%;\">polycarbonate diamond<\/span><b><\/b><\/h3><\/div><!-- .section-title -->\n<p>Diamond polycarbonate sheet is a highly preferred product instead of glass because it is lighter than glass. Solid polycarbonate is preferred in places where safety is of primary importance thanks to its unbreakable feature. Solid polycarbonate sheet is available in thicknesses from 1mm to 15mm.<\/p>\n<p>The standard dimensions of diamond polycarbonate sheets are 205x305cm. Transparent and Bronze color options are available. Thanks to its UV content, it prevents the harmful rays of the sun. It is not affected by outdoor conditions.<\/p>\n<p>Diamond polycarbonate sheet can be used as both indoor and outdoor material. Thanks to its non-flammability feature, it can be used comfortably in various sectors. Thermoforming feature is available.<\/p>\n<p>Scope of application; Advertising industry, greenhouses, bulletproof glass manufacturing, bus stops, sound barrier systems, work safety equipment, electronic industry, roof lighting, shopping centers, schools, etc. It is used for stylish aesthetic applications.<\/p>\n<div>\n<p>General features ;<\/p>\n<p>* It is 300 times stronger than glass.<\/p>\n<p>\u00a0* It is 50% lighter than glass.<\/p>\n<p>* Double side U.V. It has protection.<\/p>\n<p>* Flexible and easy to apply.<\/p>\n<p>* It can be shaped by cold and hot twisting.<\/p>\n<p>* It has high sound insulation.<\/p>\n<p>* It is non-flammable.<\/p>\n<\/div>\n<p>Color options are available, can be produced in special sizes.<\/p>\n    <div class=\"img has-hover\" id=\"image_1531954949\">\n                <div class=\"img-inner dark\" >\n        <img loading=\"lazy\" decoding=\"async\" width=\"1020\" height=\"574\" src=\"https:\/\/upvcaccessories.com\/wp-content\/uploads\/2023\/02\/Adsiz-1280-\u00d7-720-piksel-1.png\" class=\"attachment-large size-large\" alt=\"\" srcset=\"https:\/\/upvcaccessories.com\/wp-content\/uploads\/2023\/02\/Adsiz-1280-\u00d7-720-piksel-1.png 1280w, https:\/\/upvcaccessories.com\/wp-content\/uploads\/2023\/02\/Adsiz-1280-\u00d7-720-piksel-1-711x400.png 711w, https:\/\/upvcaccessories.com\/wp-content\/uploads\/2023\/02\/Adsiz-1280-\u00d7-720-piksel-1-768x432.png 768w, https:\/\/upvcaccessories.com\/wp-content\/uploads\/2023\/02\/Adsiz-1280-\u00d7-720-piksel-1-600x338.png 600w\" sizes=\"auto, (max-width: 1020px) 100vw, 1020px\" \/>                \n            <\/div>\n                   \n<style scope=\"scope\">\n\n<\/style>\n    <\/div>","protected":false},"excerpt":{"rendered":"<p>Diamond polikarbon levhalar. K\u0131r\u0131lmaz \u00f6zelli\u011fi ve esnekli\u011fi sayesinde g\u00fcvenli\u011fin birinci derecede \u00f6nemli oldu\u011fu yerlerde tercih sebebidir. 1mm den 15mm kadar kal\u0131nl\u0131klarda mevcuttur. Diamond polikarbon levhalar\u0131n\u00a0standart ebatlar\u0131 ise 205x305cm\u2019dir. \u015eeffaf ve Bronz renk se\u00e7enekleri mevcuttur. UV\u2019li olmas\u0131 sayesinde g\u00fcne\u015fin zararl\u0131 \u0131\u015f\u0131nlar\u0131n\u0131 \u00f6nlemektedir. D\u0131\u015f ortam ko\u015fullar\u0131nda etkilenmemektedir. Daimond polikarbonat levhalar\u00a0hem i\u00e7 mekan hem d\u0131\u015f mekan malzemesi olarak [&hellip;]","protected":false},"author":1,"featured_media":0,"parent":0,"menu_order":0,"comment_status":"closed","ping_status":"closed","template":"","meta":{"footnotes":""},"class_list":["post-288","page","type-page","status-publish","hentry"],"yoast_head":"<!-- This site is optimized with the Yoast SEO plugin v21.4 - https:\/\/yoast.com\/wordpress\/plugins\/seo\/ -->\n<title>diamond - Upvcaccessories.com<\/title>\n<meta name=\"robots\" content=\"index, follow, max-snippet:-1, max-image-preview:large, max-video-preview:-1\" \/>\n<link rel=\"canonical\" href=\"https:\/\/upvcaccessories.com\/en\/diamond\/\" \/>\n<meta property=\"og:locale\" content=\"en_US\" \/>\n<meta property=\"og:type\" content=\"article\" \/>\n<meta property=\"og:title\" content=\"diamond - Upvcaccessories.com\" \/>\n<meta property=\"og:description\" content=\"Diamond polikarbon levhalar. K\u0131r\u0131lmaz \u00f6zelli\u011fi ve esnekli\u011fi sayesinde g\u00fcvenli\u011fin birinci derecede \u00f6nemli oldu\u011fu yerlerde tercih sebebidir. 1mm den 15mm kadar kal\u0131nl\u0131klarda mevcuttur. Diamond polikarbon levhalar\u0131n\u00a0standart ebatlar\u0131 ise 205x305cm\u2019dir. \u015eeffaf ve Bronz renk se\u00e7enekleri mevcuttur. UV\u2019li olmas\u0131 sayesinde g\u00fcne\u015fin zararl\u0131 \u0131\u015f\u0131nlar\u0131n\u0131 \u00f6nlemektedir. D\u0131\u015f ortam ko\u015fullar\u0131nda etkilenmemektedir. Daimond polikarbonat levhalar\u00a0hem i\u00e7 mekan hem d\u0131\u015f mekan malzemesi olarak [&hellip;]\" \/>\n<meta property=\"og:url\" content=\"https:\/\/upvcaccessories.com\/en\/diamond\/\" \/>\n<meta property=\"og:site_name\" content=\"Upvcaccessories.com\" \/>\n<meta property=\"article:modified_time\" content=\"2023-03-08T09:42:32+00:00\" \/>\n<meta name=\"twitter:card\" content=\"summary_large_image\" \/>\n<meta name=\"twitter:label1\" content=\"Est. reading time\" \/>\n\t<meta name=\"twitter:data1\" content=\"1 minute\" \/>\n<script type=\"application\/ld+json\" class=\"yoast-schema-graph\">{\"@context\":\"https:\/\/schema.org\",\"@graph\":[{\"@type\":\"WebPage\",\"@id\":\"https:\/\/upvcaccessories.com\/diamond\/\",\"url\":\"https:\/\/upvcaccessories.com\/diamond\/\",\"name\":\"diamond - Upvcaccessories.com\",\"isPartOf\":{\"@id\":\"https:\/\/upvcaccessories.com\/#website\"},\"datePublished\":\"2023-02-23T14:40:21+00:00\",\"dateModified\":\"2023-03-08T09:42:32+00:00\",\"breadcrumb\":{\"@id\":\"https:\/\/upvcaccessories.com\/diamond\/#breadcrumb\"},\"inLanguage\":\"en-US\",\"potentialAction\":[{\"@type\":\"ReadAction\",\"target\":[\"https:\/\/upvcaccessories.com\/diamond\/\"]}]},{\"@type\":\"BreadcrumbList\",\"@id\":\"https:\/\/upvcaccessories.com\/diamond\/#breadcrumb\",\"itemListElement\":[{\"@type\":\"ListItem\",\"position\":1,\"name\":\"Anasayfa\",\"item\":\"https:\/\/upvcaccessories.com\/\"},{\"@type\":\"ListItem\",\"position\":2,\"name\":\"diamond\"}]},{\"@type\":\"WebSite\",\"@id\":\"https:\/\/upvcaccessories.com\/#website\",\"url\":\"https:\/\/upvcaccessories.com\/\",\"name\":\"Upvcaccessories.com\",\"description\":\"\",\"potentialAction\":[{\"@type\":\"SearchAction\",\"target\":{\"@type\":\"EntryPoint\",\"urlTemplate\":\"https:\/\/upvcaccessories.com\/?s={search_term_string}\"},\"query-input\":\"required name=search_term_string\"}],\"inLanguage\":\"en-US\"}]}<\/script>\n<!-- \/ Yoast SEO plugin. -->","yoast_head_json":{"title":"diamond - Upvcaccessories.com","robots":{"index":"index","follow":"follow","max-snippet":"max-snippet:-1","max-image-preview":"max-image-preview:large","max-video-preview":"max-video-preview:-1"},"canonical":"https:\/\/upvcaccessories.com\/en\/diamond\/","og_locale":"en_US","og_type":"article","og_title":"diamond - Upvcaccessories.com","og_description":"Diamond polikarbon levhalar. K\u0131r\u0131lmaz \u00f6zelli\u011fi ve esnekli\u011fi sayesinde g\u00fcvenli\u011fin birinci derecede \u00f6nemli oldu\u011fu yerlerde tercih sebebidir. 1mm den 15mm kadar kal\u0131nl\u0131klarda mevcuttur. Diamond polikarbon levhalar\u0131n\u00a0standart ebatlar\u0131 ise 205x305cm\u2019dir. \u015eeffaf ve Bronz renk se\u00e7enekleri mevcuttur. UV\u2019li olmas\u0131 sayesinde g\u00fcne\u015fin zararl\u0131 \u0131\u015f\u0131nlar\u0131n\u0131 \u00f6nlemektedir. D\u0131\u015f ortam ko\u015fullar\u0131nda etkilenmemektedir. Daimond polikarbonat levhalar\u00a0hem i\u00e7 mekan hem d\u0131\u015f mekan malzemesi olarak [&hellip;]","og_url":"https:\/\/upvcaccessories.com\/en\/diamond\/","og_site_name":"Upvcaccessories.com","article_modified_time":"2023-03-08T09:42:32+00:00","twitter_card":"summary_large_image","twitter_misc":{"Est. reading time":"1 minute"},"schema":{"@context":"https:\/\/schema.org","@graph":[{"@type":"WebPage","@id":"https:\/\/upvcaccessories.com\/diamond\/","url":"https:\/\/upvcaccessories.com\/diamond\/","name":"diamond - Upvcaccessories.com","isPartOf":{"@id":"https:\/\/upvcaccessories.com\/#website"},"datePublished":"2023-02-23T14:40:21+00:00","dateModified":"2023-03-08T09:42:32+00:00","breadcrumb":{"@id":"https:\/\/upvcaccessories.com\/diamond\/#breadcrumb"},"inLanguage":"en-US","potentialAction":[{"@type":"ReadAction","target":["https:\/\/upvcaccessories.com\/diamond\/"]}]},{"@type":"BreadcrumbList","@id":"https:\/\/upvcaccessories.com\/diamond\/#breadcrumb","itemListElement":[{"@type":"ListItem","position":1,"name":"Anasayfa","item":"https:\/\/upvcaccessories.com\/"},{"@type":"ListItem","position":2,"name":"diamond"}]},{"@type":"WebSite","@id":"https:\/\/upvcaccessories.com\/#website","url":"https:\/\/upvcaccessories.com\/","name":"Upvcaccessories.com","description":"","potentialAction":[{"@type":"SearchAction","target":{"@type":"EntryPoint","urlTemplate":"https:\/\/upvcaccessories.com\/?s={search_term_string}"},"query-input":"required name=search_term_string"}],"inLanguage":"en-US"}]}},"_links":{"self":[{"href":"https:\/\/upvcaccessories.com\/en\/wp-json\/wp\/v2\/pages\/288","targetHints":{"allow":["GET"]}}],"collection":[{"href":"https:\/\/upvcaccessories.com\/en\/wp-json\/wp\/v2\/pages"}],"about":[{"href":"https:\/\/upvcaccessories.com\/en\/wp-json\/wp\/v2\/types\/page"}],"author":[{"embeddable":true,"href":"https:\/\/upvcaccessories.com\/en\/wp-json\/wp\/v2\/users\/1"}],"replies":[{"embeddable":true,"href":"https:\/\/upvcaccessories.com\/en\/wp-json\/wp\/v2\/comments?post=288"}],"version-history":[{"count":5,"href":"https:\/\/upvcaccessories.com\/en\/wp-json\/wp\/v2\/pages\/288\/revisions"}],"predecessor-version":[{"id":420,"href":"https:\/\/upvcaccessories.com\/en\/wp-json\/wp\/v2\/pages\/288\/revisions\/420"}],"wp:attachment":[{"href":"https:\/\/upvcaccessories.com\/en\/wp-json\/wp\/v2\/media?parent=288"}],"curies":[{"name":"wp","href":"https:\/\/api.w.org\/{rel}","templated":true}]}}